{"id":24835,"date":"2025-04-28T09:58:11","date_gmt":"2025-04-28T07:58:11","guid":{"rendered":"https:\/\/www.xylon.it\/?page_id=24835"},"modified":"2025-12-26T23:42:38","modified_gmt":"2025-12-26T22:42:38","slug":"cookie-policy","status":"publish","type":"page","link":"https:\/\/www.xylon.it\/it\/cookie-policy\/","title":{"rendered":"Cookie Policy"},"content":{"rendered":"<div>\n<h2>Cosa sono i Cookies<\/h2>\n<\/div>\n<div>\n<div align=\"justify\">\n<p>I cookies sono una sorta di \u201cpromemoria\u201d, brevi \u201crighe di testo\u201d contenenti informazioni che possono essere salvate sul computer di un utente quando il browser (es. Chrome o InternetExplorer) richiama un determinato sito web. Grazie ai cookies il server invia informazioni che verranno rilette e aggiornate ogni volta che l\u2019utente torner\u00e0 su quel sito. In questo modo il sito web potr\u00e0 adattarsi automaticamente all\u2019utente migliorandone l\u2019esperienza di navigazione.<\/p>\n<p>Questo sito utilizza esclusivamente cookies tecnici per la gestione della Sessione<\/p>\n<h2>A cosa servono i Cookies<\/h2>\n<p>I cookies sono principalmente utilizzati per:<\/p>\n<ul>\n<li>Migliorare l\u2019esperienza di navigazione dell\u2019utente all\u2019interno del sito.<\/li>\n<li>Fornire al gestore del sito informazioni in forma anonima sulla navigazione degli utenti anche per ottenere dati statistici sull\u2019uso del sito e migliorare la navigazione.<\/li>\n<li>I cookies possono anche veicolare messaggi pubblicitari.<\/li>\n<\/ul>\n<h2>I cookies tecnici e di navigazione\/sessione<\/h2>\n<p>Per l\u2019installazione dei cookies tecnici (di navigazione\/sessione e di funzionalit\u00e0) non \u00e8 richiesto il consenso dell\u2019utente, ma solo l\u2019obbligo di informativa. Questi cookies sono fondamentali per navigare all\u2019interno del sito utilizzando tutte le sue funzionalit\u00e0, come ad esempio l\u2019accesso alle aree riservate (Area Clienti). Senza questi cookies non sarebbe possibile fornire i servizi richiesti. Questi cookies non raccolgono informazioni da utilizzare per fini commerciali.<\/p>\n<h2>Come disabilitare questo tipo di cookie<\/h2>\n<p>Disabilitabile da \u201cImpostazioni Browser\u201d<\/p>\n<h2>Avvertenze in caso di blocco<\/h2>\n<p>Blocco di funzioni quali l\u2019autenticazione, la validazione, la gestione di una sessione di navigazione e la prevenzione delle frodi; pertanto \u00e8 fortemente sconsigliato il loro blocco.<\/p>\n<h2>I cookies di profilazione<\/h2>\n<p>Sono volti a creare profili relativi all\u2019utente e vengono utilizzati al fine di inviare messaggi pubblicitari mirati, in linea con le preferenze manifestate dallo stesso nell\u2019ambito della navigazione in rete. Prevedono che l\u2019utente esprima il suo consenso. L\u2019utente pu\u00f2 in qualunque momento negare il consenso e\/o modificare le sue opzioni avvalendosi delle apposite sezioni di questa informativa estesa.<\/p>\n<h2>I cookies Analytics<\/h2>\n<p>Raccolgono e analizzano in forma anonima e\/o aggregata le informazioni sull\u2019uso del sito da parte dei visitatori (pagine visitate, etc) per fornire all\u2019utente una migliore esperienza di navigazione. Questi cookies non raccolgono informazioni che possono identificare direttamente l\u2019utente. Rientrano in questa categoria i cookies impostati dalle seguenti soluzioni tecnologiche:<\/p>\n<ul>\n<li>Adobe Site Catalyst<\/li>\n<li>DoubleClick<\/li>\n<li>Mediamind<\/li>\n<li>Google Analytics<\/li>\n<\/ul>\n<h2>Come disabilitare questo tipo di cookie<\/h2>\n<p>Disabilitabile da \u201cImpostazioni Browser\u201d<\/p>\n<h2>Avvertenze in caso di blocco<\/h2>\n<p>Esclusione dal computo statistico dei parametri di navigazione che permettono analisi volte all\u2019ottimizzazione del sito<\/p>\n<h2>I cookies di funzionalit\u00e0<\/h2>\n<p>Permettono al sito di \u201cricordare\u201d le scelte effettuate dall\u2019utente e personalizzare il sito migliorandone i contenuti. Le informazioni raccolte da questo tipo di cookies sono in forma anonima. Rientrano in questa categoria i cookies impostati dalle sequenti soluzioni tecnologiche: Adobe Test &amp; Target<\/p>\n<h2>Come disabilitare questo tipo di cookie<\/h2>\n<p>Disabilitabile da \u201cImpostazioni Browser\u201d<\/p>\n<h2>Avvertenze in caso di blocco<\/h2>\n<p>Blocco di funzionalit\u00e0 di testing e di conseguenza visualizzazione del sito non ottimizzata.<\/p>\n<h2>Cookies di Terze parti<\/h2>\n<p>I cookies di terze parti\u00a0sono cookie installati da servizi di sogetti terzi (da cui terze parti). Tra queste figurano, ad esempio, agenzie pubblicitarie, ad server, fornitori di tecnologia, provider di contenuti sponsorizzati e societ\u00e0 di ricerca esterne. Le Terze parti sono direttamente responsabili, in qualit\u00e0 di Titolari del trattamento, dei cookies da loro installati cos\u00ec come dei trattamenti che ne fanno.<br \/>\nPertanto, di seguito proponiamo i link alle Terze parti affinch\u00e8 tu possa prendere atto della loro informativa privacy ed effettuare le tue scelte nell\u2019utilizzo dei cookies:<\/p>\n<ul>\n<li><a href=\"http:\/\/www.google.com\/intl\/en\/policies\/privacy\/\" target=\"_blank\" rel=\"noopener noreferrer\">Google<\/a><\/li>\n<li><a href=\"http:\/\/www.facebook.com\/help\/cookies\/\" target=\"_blank\" rel=\"noopener noreferrer\">Facebook<\/a><\/li>\n<li><a href=\"http:\/\/support.twitter.com\/articles\/20170519-uso-dei-cookie-e-di-altre-tecnologie-simili-da-parte-di-twitter\/\" target=\"_blank\" rel=\"noopener noreferrer\">Twitter<\/a><\/li>\n<\/ul>\n<p>FACILITY:\u00a0Puoi avere un elenco di alcuni provider che lavorano con i gestori dei siti web per raccogliere e utilizzare informazioni utili alla fruizione della pubblicit\u00e0 comportamentale andando al link\u00a0<a href=\"http:\/\/www.youronlinechoices.com\/it\/le-tue-scelte\" target=\"_blank\" rel=\"noopener noreferrer\">http:\/\/www.youronlinechoices.com\/it\/le-tue-scelte<\/a>. Potrai avere maggiori informazioni su ognuno di essi e bloccare\/attivare ogni singolo operatore.<\/p>\n<h2>Cookies presenti su questo sito<\/h2>\n<p><script type=\"text\/javascript\" charset=\"UTF-8\" data-cookiescriptreport=\"report\" src=\"\/\/report.cookie-script.com\/r\/b8687b694f5e7110ccde4371d3e820cc.js\"><\/script><\/p>\n<\/div>\n<div align=\"justify\">\n<h2>Come disabilitare i cookies tramite il tuo browser<\/h2>\n<p>Questo sito web funziona in modo ottimale se i cookies sono abilitati. Puoi comunque decidere di non consentire l\u2019impostazione dei cookies sul tuo computer; per farlo accedi alle \u201cPreferenze\u201d del tuo browser. Per informazioni su come modificare le impostazioni dei cookies seleziona dall\u2019elenco seguente il browser che stai utilizzando:\u00a0<a href=\"https:\/\/support.google.com\/chrome\/answer\/95647?hl=it&amp;topic=14666&amp;ctx=topic\" target=\"_blank\" rel=\"noopener noreferrer\">Chrome<\/a>\u00a0\u2013\u00a0<a href=\"http:\/\/support.mozilla.org\/it\/kb\/Attivare%20e%20disattivare%20i%20cookie\" target=\"_blank\" rel=\"noopener noreferrer\">Firefox<\/a>\u00a0\u2013<a href=\"http:\/\/windows.microsoft.com\/it-it\/windows-vista\/block-or-allow-cookies\" target=\"_blank\" rel=\"noopener noreferrer\">Internet Explorer<\/a>\u00a0\u2013\u00a0<a href=\"http:\/\/www.opera.com\/help\/tutorials\/security\/privacy\/\" target=\"_blank\" rel=\"noopener noreferrer\">Opera<\/a>\u00a0\u2013\u00a0<a href=\"http:\/\/www.apple.com\/support\/?path=Safari\/5.0\/en\/11471.html\" target=\"_blank\" rel=\"noopener noreferrer\">Safari<\/a>\u00a0Se disattivi i cookies, potresti disabilitare alcune funzionalit\u00e0 del sito. Anche con tutti i cookies disabilitati, il tuo browser continuer\u00e0 a memorizzare una piccola quantit\u00e0 di informazioni, necessarie per le funzionalit\u00e0 di base del sito.<\/p>\n<\/div>\n<\/div>\n","protected":false},"excerpt":{"rendered":"<p>Cosa sono i Cookies I cookies sono una sorta di \u201cpromemoria\u201d, brevi \u201crighe di testo\u201d contenenti informazioni che possono essere salvate sul computer di un utente quando il browser (es. [&hellip;]<\/p>\n","protected":false},"author":712,"featured_media":0,"parent":0,"menu_order":110,"comment_status":"closed","ping_status":"closed","template":"","meta":{"_acf_changed":false,"footnotes":""},"class_list":["post-24835","page","type-page","status-publish","hentry"],"acf":[],"yoast_head":"<!-- This site is optimized with the Yoast SEO plugin v27.2 - https:\/\/yoast.com\/product\/yoast-seo-wordpress\/ -->\n<title>Cookie Policy - Xylon.it quotidiano online<\/title>\n<meta name=\"robots\" content=\"index, follow, max-snippet:-1, max-image-preview:large, max-video-preview:-1\" \/>\n<link rel=\"canonical\" href=\"https:\/\/www.xylon.it\/it\/cookie-policy\/\" \/>\n<meta property=\"og:locale\" content=\"it_IT\" \/>\n<meta property=\"og:type\" content=\"article\" \/>\n<meta property=\"og:title\" content=\"Cookie Policy - Xylon.it quotidiano online\" \/>\n<meta property=\"og:description\" content=\"Cosa sono i Cookies I cookies sono una sorta di \u201cpromemoria\u201d, brevi \u201crighe di testo\u201d contenenti informazioni che possono essere salvate sul computer di un utente quando il browser (es. [&hellip;]\" \/>\n<meta property=\"og:url\" content=\"https:\/\/www.xylon.it\/it\/cookie-policy\/\" \/>\n<meta property=\"og:site_name\" content=\"Xylon.it quotidiano online\" \/>\n<meta property=\"article:publisher\" content=\"https:\/\/www.facebook.com\/XylonInternational\" \/>\n<meta property=\"article:modified_time\" content=\"2025-12-26T22:42:38+00:00\" \/>\n<meta name=\"twitter:card\" content=\"summary_large_image\" \/>\n<meta name=\"twitter:label1\" content=\"Tempo di lettura stimato\" \/>\n\t<meta name=\"twitter:data1\" content=\"4 minuti\" \/>\n<script type=\"application\/ld+json\" class=\"yoast-schema-graph\">{\"@context\":\"https:\/\/schema.org\",\"@graph\":[{\"@type\":\"WebPage\",\"@id\":\"https:\/\/www.xylon.it\/it\/cookie-policy\/\",\"url\":\"https:\/\/www.xylon.it\/it\/cookie-policy\/\",\"name\":\"Cookie Policy - Xylon.it quotidiano online\",\"isPartOf\":{\"@id\":\"https:\/\/www.xylon.it\/it\/#website\"},\"datePublished\":\"2025-04-28T07:58:11+00:00\",\"dateModified\":\"2025-12-26T22:42:38+00:00\",\"breadcrumb\":{\"@id\":\"https:\/\/www.xylon.it\/it\/cookie-policy\/#breadcrumb\"},\"inLanguage\":\"it-IT\",\"potentialAction\":[{\"@type\":\"ReadAction\",\"target\":[\"https:\/\/www.xylon.it\/it\/cookie-policy\/\"]}]},{\"@type\":\"BreadcrumbList\",\"@id\":\"https:\/\/www.xylon.it\/it\/cookie-policy\/#breadcrumb\",\"itemListElement\":[{\"@type\":\"ListItem\",\"position\":1,\"name\":\"Home\",\"item\":\"https:\/\/www.xylon.it\/it\/\"},{\"@type\":\"ListItem\",\"position\":2,\"name\":\"Cookie Policy\"}]},{\"@type\":\"WebSite\",\"@id\":\"https:\/\/www.xylon.it\/it\/#website\",\"url\":\"https:\/\/www.xylon.it\/it\/\",\"name\":\"Xylon.it quotidiano online\",\"description\":\"Il quotidiano online del settore\",\"publisher\":{\"@id\":\"https:\/\/www.xylon.it\/it\/#organization\"},\"potentialAction\":[{\"@type\":\"SearchAction\",\"target\":{\"@type\":\"EntryPoint\",\"urlTemplate\":\"https:\/\/www.xylon.it\/it\/?s={search_term_string}\"},\"query-input\":{\"@type\":\"PropertyValueSpecification\",\"valueRequired\":true,\"valueName\":\"search_term_string\"}}],\"inLanguage\":\"it-IT\"},{\"@type\":\"Organization\",\"@id\":\"https:\/\/www.xylon.it\/it\/#organization\",\"name\":\"Xylon.it quotidiano online\",\"url\":\"https:\/\/www.xylon.it\/it\/\",\"logo\":{\"@type\":\"ImageObject\",\"inLanguage\":\"it-IT\",\"@id\":\"https:\/\/www.xylon.it\/it\/#\/schema\/logo\/image\/\",\"url\":\"\",\"contentUrl\":\"\",\"caption\":\"Xylon.it quotidiano online\"},\"image\":{\"@id\":\"https:\/\/www.xylon.it\/it\/#\/schema\/logo\/image\/\"},\"sameAs\":[\"https:\/\/www.facebook.com\/XylonInternational\"]}]}<\/script>\n<!-- \/ Yoast SEO plugin. -->","yoast_head_json":{"title":"Cookie Policy - Xylon.it quotidiano online","robots":{"index":"index","follow":"follow","max-snippet":"max-snippet:-1","max-image-preview":"max-image-preview:large","max-video-preview":"max-video-preview:-1"},"canonical":"https:\/\/www.xylon.it\/it\/cookie-policy\/","og_locale":"it_IT","og_type":"article","og_title":"Cookie Policy - Xylon.it quotidiano online","og_description":"Cosa sono i Cookies I cookies sono una sorta di \u201cpromemoria\u201d, brevi \u201crighe di testo\u201d contenenti informazioni che possono essere salvate sul computer di un utente quando il browser (es. [&hellip;]","og_url":"https:\/\/www.xylon.it\/it\/cookie-policy\/","og_site_name":"Xylon.it quotidiano online","article_publisher":"https:\/\/www.facebook.com\/XylonInternational","article_modified_time":"2025-12-26T22:42:38+00:00","twitter_card":"summary_large_image","twitter_misc":{"Tempo di lettura stimato":"4 minuti"},"schema":{"@context":"https:\/\/schema.org","@graph":[{"@type":"WebPage","@id":"https:\/\/www.xylon.it\/it\/cookie-policy\/","url":"https:\/\/www.xylon.it\/it\/cookie-policy\/","name":"Cookie Policy - Xylon.it quotidiano online","isPartOf":{"@id":"https:\/\/www.xylon.it\/it\/#website"},"datePublished":"2025-04-28T07:58:11+00:00","dateModified":"2025-12-26T22:42:38+00:00","breadcrumb":{"@id":"https:\/\/www.xylon.it\/it\/cookie-policy\/#breadcrumb"},"inLanguage":"it-IT","potentialAction":[{"@type":"ReadAction","target":["https:\/\/www.xylon.it\/it\/cookie-policy\/"]}]},{"@type":"BreadcrumbList","@id":"https:\/\/www.xylon.it\/it\/cookie-policy\/#breadcrumb","itemListElement":[{"@type":"ListItem","position":1,"name":"Home","item":"https:\/\/www.xylon.it\/it\/"},{"@type":"ListItem","position":2,"name":"Cookie Policy"}]},{"@type":"WebSite","@id":"https:\/\/www.xylon.it\/it\/#website","url":"https:\/\/www.xylon.it\/it\/","name":"Xylon.it quotidiano online","description":"Il quotidiano online del settore","publisher":{"@id":"https:\/\/www.xylon.it\/it\/#organization"},"potentialAction":[{"@type":"SearchAction","target":{"@type":"EntryPoint","urlTemplate":"https:\/\/www.xylon.it\/it\/?s={search_term_string}"},"query-input":{"@type":"PropertyValueSpecification","valueRequired":true,"valueName":"search_term_string"}}],"inLanguage":"it-IT"},{"@type":"Organization","@id":"https:\/\/www.xylon.it\/it\/#organization","name":"Xylon.it quotidiano online","url":"https:\/\/www.xylon.it\/it\/","logo":{"@type":"ImageObject","inLanguage":"it-IT","@id":"https:\/\/www.xylon.it\/it\/#\/schema\/logo\/image\/","url":"","contentUrl":"","caption":"Xylon.it quotidiano online"},"image":{"@id":"https:\/\/www.xylon.it\/it\/#\/schema\/logo\/image\/"},"sameAs":["https:\/\/www.facebook.com\/XylonInternational"]}]}},"_links":{"self":[{"href":"https:\/\/www.xylon.it\/it\/wp-json\/wp\/v2\/pages\/24835","targetHints":{"allow":["GET"]}}],"collection":[{"href":"https:\/\/www.xylon.it\/it\/wp-json\/wp\/v2\/pages"}],"about":[{"href":"https:\/\/www.xylon.it\/it\/wp-json\/wp\/v2\/types\/page"}],"author":[{"embeddable":true,"href":"https:\/\/www.xylon.it\/it\/wp-json\/wp\/v2\/users\/712"}],"replies":[{"embeddable":true,"href":"https:\/\/www.xylon.it\/it\/wp-json\/wp\/v2\/comments?post=24835"}],"version-history":[{"count":3,"href":"https:\/\/www.xylon.it\/it\/wp-json\/wp\/v2\/pages\/24835\/revisions"}],"predecessor-version":[{"id":27309,"href":"https:\/\/www.xylon.it\/it\/wp-json\/wp\/v2\/pages\/24835\/revisions\/27309"}],"wp:attachment":[{"href":"https:\/\/www.xylon.it\/it\/wp-json\/wp\/v2\/media?parent=24835"}],"curies":[{"name":"wp","href":"https:\/\/api.w.org\/{rel}","templated":true}]}}