{"id":24837,"date":"2025-04-28T10:07:12","date_gmt":"2025-04-28T08:07:12","guid":{"rendered":"https:\/\/www.xylon.it\/?page_id=24837"},"modified":"2025-04-28T10:07:12","modified_gmt":"2025-04-28T08:07:12","slug":"informativa-privacy","status":"publish","type":"page","link":"https:\/\/www.xylon.it\/it\/informativa-privacy\/","title":{"rendered":"Informativa Privacy"},"content":{"rendered":"<p>In ottemperanza al Regolamento Europeo (UE) 2016\/679 in materia di protezione dei dati personali (breviter \u201c<strong>GDPR<\/strong>\u201d), si rendono note le seguenti informazioni in relazione al conferimento e al trattamento dei dati personali di coloro che a qualsiasi titolo, intrattengano rapporti o contatti con Cepra S.r.l. e\/o in relazione ai quali quest\u2019ultima effettui operazioni di trattamento di dati personali.<\/p>\n<h2>Titolare del trattamento dei dati<\/h2>\n<p>Ai sensi degli artt. 4, comma 7, e 24 del GDPR il Titolare del Trattamento dei Suoi dati personali \u00e8 Cepra S.r.l., in persona del legale rappresentante, C.F.\/P.IVA 04701000152, con sede legale in Assago (MI), Via 1 Strada F 3, (di seguito, per brevit\u00e0, \u201c<strong>CEPRA<\/strong>\u201d), contattabile per iscritto all\u2019indirizzo email: privacy.cepra@acimall.com ovvero via posta al predetto indirizzo sopra indicato.<\/p>\n<h2>Base giuridica e finalit\u00e0 del trattamento<\/h2>\n<p>CEPRA potr\u00e0 trattare, a seconda dei casi, dati personali:<\/p>\n<ol>\n<li>per finalit\u00e0 connesse agli obblighi previsti da leggi, regolamenti, normative comunitarie, nonch\u00e9 da disposizioni impartite dalle competenti autorit\u00e0\/organi di vigilanza e controllo, nonch\u00e9 per esercitare i diritti del Titolare del Trattamento (compreso, ad esempio, il diritto di difesa in giudizio);<\/li>\n<li>per finalit\u00e0 strettamente connesse e\/o necessarie all\u2019adempimento degli obblighi di natura contrattuale e precontrattuale derivanti dai rapporti con CEPRA e\/o inerenti i servizi dalla stessa offerti;<\/li>\n<li>per finalit\u00e0 di carattere promozionale e\/o di marketing, quali trasmissione via email, posta e\/o contatti telefonici, di newsletter, riviste di settore (quale, inter alia, Xylon), di comunicazioni commerciali e\/o materiale pubblicitario (ivi compresi eventuali cataloghi, opuscoli illustrativi e propagandistici), di missioni di studio o indagini di mercati anche esteri, di filmati tecnici e pubblicitari, nonch\u00e9 di comunicazioni informative inerenti gli eventi organizzati (ivi comprese Xylexpo ed altre manifestazioni fieristiche anche non di settore, incontri, dibattiti, convegni, congressi e simili) da CEPRA e i servizi da quest&#8217;ultima offerti.<\/li>\n<\/ol>\n<p>Le basi giuridiche del trattamento per le finalit\u00e0 a) e b) sopra indicate sono gli artt. 6.1.b) e 6.1.c) del Regolamento. La base giuridica del trattamento di dati personali per le finalit\u00e0 c) \u00e8 l\u2019art. 6.1.a) del Regolamento.<\/p>\n<h2>Tipologia di dati trattati<\/h2>\n<p>I dati trattati da CEPRA possono includere: a) dati anagrafici; b) dati di contatto; c) nonch\u00e9, ogni altro dato strettamente connesso all\u2019esecuzione in Suo favore dei servizi offerti da CEPRA.<\/p>\n<p>Si precisa che CEPRA non richiede e non tratta di propria iniziativa dati particolari della clientela (vale a dire dati personali idonei a rilevare l\u2019origine razziale ed etnica, le convinzioni religiose, filosofiche o di altro genere, le opinioni politiche, l\u2019adesione a partiti, sindacati, associazioni od organizzazioni a carattere religioso, filosofico, politico o sindacale nonch\u00e9 i dati personali idonei a rilevare lo stato di salute e l\u2019orientamento sessuale); tuttavia, laddove dovesse risultare necessario trattare tali dati per dare esecuzione in Suo favore ai servizi di CEPRA, quest\u2019ultima provveder\u00e0 a chiederLe espressamente e per iscritto il Suo consenso.<\/p>\n<h2>Conferimento dei dati<\/h2>\n<p>Il conferimento dei dati per le finalit\u00e0 di cui al precedente punto 2, lett. a) e b), \u00e8 necessario. L&#8217;eventuale rifiuto di comunicare i dati per tali finalit\u00e0, o comunque il conferimento parziale o inesatto degli stessi, comporter\u00e0 l&#8217;impossibilit\u00e0 da parte di CEPRA di adempiere alle proprie obbligazioni.<\/p>\n<p>Il conferimento dei dati per le finalit\u00e0 di cui al precedente punto 2, lett. c) \u00e8, invece, facoltativo. Pu\u00f2 quindi decidere di non conferire alcun dato o di negare successivamente la possibilit\u00e0 di trattare dati gi\u00e0 forniti: in tale caso, CEPRA non potr\u00e0 inviarLe comunicazioni e\/o materiale commerciale\/pubblicitario, compresi i cataloghi illustrativi dei prodotti di CEPRA.<\/p>\n<p>Ai sensi dell\u2019art. 7, par. 3, del GDPR, ha la possibilit\u00e0 di revocare il proprio consenso in qualsiasi momento.<\/p>\n<h2>Destinatari ed eventuali categorie di destinatari<\/h2>\n<p>I dati personali saranno resi accessibili sotto la responsabilit\u00e0 del Titolare del Trattamento:<\/p>\n<ul>\n<li>ai soggetti (dipendenti di CEPRA) dallo stesso autorizzati ai sensi dell\u2019art. 29 del GDPR;<\/li>\n<li>in caso di ispezioni e\/o verifiche (qualora richiestici) a tutti gli organi ispettivi preposti a verifiche e controlli inerenti la regolarit\u00e0 degli adempimenti di legge;<\/li>\n<li>alle societ\u00e0\/studi professionali che prestano attivit\u00e0 di assistenza, consulenza, collaborazione al Titolare del Trattamento, in materia contabile, amministrativa, fiscale, legale, tributaria e finanziaria, a tale fine nominati Responsabili Esterni; Centro promozionale Cepra S.r.l. Unipersonale Acimall S.r.l. Unipersonale Centro Direzionale Milanofiori 1\u00b0 Strada \u2013 Palazzo F3 I-20090 Assago (Mi) tel.: 02 89.21.02.00 fax: 02 82.59.009 www.acimall.com e-mail: info@acimall.com<\/li>\n<li>a terzi fornitori di servizi &#8211; nominati, se necessario, Responsabili Esterni &#8211; cui la comunicazione \u00e8 necessaria per l\u2019adempimento delle prestazioni\/fornitura dei servizi da parte di CEPRA;<\/li>\n<li>a pubbliche amministrazioni per lo svolgimento delle funzioni istituzionali nei limiti stabiliti dalla legge o dai regolamenti. L\u2019elenco aggiornato dei Responsabili Esterni potr\u00e0 sempre essere richiesto al Titolare del Trattamento ed \u00e8 comunque disponibile presso la sede legale di CEPRA.<\/li>\n<\/ul>\n<h2>Modalit\u00e0 di trattamento<\/h2>\n<p>Il trattamento dei dati personali sar\u00e0 improntato ai principi di correttezza, liceit\u00e0, trasparenza e sar\u00e0 effettuato per mezzo delle operazioni indicate all\u2019art. 4, n. 2, del GDPR e quali, tra l\u2019altro, raccolta, registrazione, organizzazione, conservazione, consultazione, elaborazione, modificazione, selezione, estrazione, raffronto, utilizzo, interconnessione, blocco, comunicazione, cancellazione e distruzione dei dati. I dati personali saranno sottoposti a trattamento sia cartaceo che elettronico e\/o automatizzato.<\/p>\n<p>I dati vengono custoditi e controllati mediante adozione di idonee misure preventive di sicurezza volte a ridurre al minimo i rischi di perdita e di distruzione, di accesso non autorizzato, di trattamento non consentito e non conforme alle finalit\u00e0 per cui l\u2019assenso alla raccolta \u00e8 prestato.<\/p>\n<h2>Trasferimento dei dati<\/h2>\n<p>I dati raccolti sono conservati su server ubicati in Italia all\u2019interno dell\u2019Unione Europea.<\/p>\n<p>Per esigenze strettamente organizzative\/aziendali, CEPRA potrebbe trasferire alcuni dati a paesi situati fuori dall\u2019Unione Europea. In tal caso, il Titolare del Trattamento assicura sin da ora che saranno adottate tutte le garanzie per rendere il trasferimento sicuro e per far s\u00ec che il trattamento di dati personali rispetti i requisiti previsti dal Regolamento (quali ad esempio il consenso dell\u2019interessato, l\u2019adozione di Clausole Standard approvate dalla Commissione Europea, la selezione di soggetti aderenti a programmi internazionali per la libera circolazione dei dati (es. EU-USA Privacy Shield) od operanti in Paesi considerati sicuri dalla Commissione Europea. Sul punto, il Titolare del Trattamento rilascer\u00e0, su richiesta dell\u2019interessato, le dovute informazioni (compresa, nel caso, la copia di tutta la documentazione inerente). Centro promozionale Cepra S.r.l. Unipersonale Acimall S.r.l. Unipersonale Il Titolare del Trattamento si riserva, inoltre, la possibilit\u00e0 di utilizzare servizi in cloud; in tale caso, i fornitori di tali servizi saranno selezionati tra coloro che forniscono adeguate garanzie.<\/p>\n<h2>Diritti dell\u2019interessato<\/h2>\n<p>In ottemperanza alle disposizioni di cui al GDPR, l\u2019interessato ha il diritto, ove applicabile, di chiedere al Titolare del trattamento l\u2019accesso ai dati (art. 15), la rettifica (art 16), la cancellazione degli stessi o l\u2019oblio (art. 17), la limitazione del trattamento dei dati personali che lo riguardano (art. 18), il diritto alla portabilit\u00e0 dei dati (art. 20) o di opporsi al loro trattamento (art. 21), oltre al diritto di non essere sottoposto a una decisione basata unicamente sul trattamento automatizzato, compresa la profilazione, che produca effetti giuridici che lo riguardano o che incida allo stesso modo significativamente sulla sua persona (art. 22).<\/p>\n<p>Le richieste potranno essere presentate per iscritto al Titolare del Trattamento all\u2019indirizzo della sede legale e al recapito email indicati al punto 1.<\/p>\n<p>L\u2019interessato ha, altres\u00ec, il diritto di proporre reclamo all\u2019autorit\u00e0 di controllo preposta (art. 77 del Regolamento) qualora ritenga che il trattamento effettuato da parte del Titolare non sia conforme. Per approfondimenti \u00e8 possibile consultare il sito del Garante Privacy www.garante privacy.it.<\/p>\n<h2>Conservazione dei dati<\/h2>\n<p>Il Titolare del Trattamento conserver\u00e0 i dati personali per il tempo strettamente necessario per adempiere alle finalit\u00e0 per cui sono stati raccolti e conferiti (secondo quanto previsto ai precedenti punti 2 e 4).<\/p>\n<p>I dati Personali potranno essere conservati per un periodo pi\u00f9 lungo in ottemperanza ad un obbligo di legge (anche di natura fiscale) o per ordine di un\u2019autorit\u00e0. Successivamente i dati saranno cancellati ovvero resi inattivi ovvero resi anonimi.<\/p>\n","protected":false},"excerpt":{"rendered":"<p>In ottemperanza al Regolamento Europeo (UE) 2016\/679 in materia di protezione dei dati personali (breviter \u201cGDPR\u201d), si rendono note le seguenti informazioni in relazione al conferimento e al trattamento dei [&hellip;]<\/p>\n","protected":false},"author":712,"featured_media":0,"parent":0,"menu_order":120,"comment_status":"closed","ping_status":"closed","template":"","meta":{"_acf_changed":false,"footnotes":""},"class_list":["post-24837","page","type-page","status-publish","hentry"],"acf":[],"yoast_head":"<!-- This site is optimized with the Yoast SEO plugin v27.2 - https:\/\/yoast.com\/product\/yoast-seo-wordpress\/ -->\n<title>Informativa Privacy - Xylon.it quotidiano online<\/title>\n<meta name=\"robots\" content=\"index, follow, max-snippet:-1, max-image-preview:large, max-video-preview:-1\" \/>\n<link rel=\"canonical\" href=\"https:\/\/www.xylon.it\/it\/informativa-privacy\/\" \/>\n<meta property=\"og:locale\" content=\"it_IT\" \/>\n<meta property=\"og:type\" content=\"article\" \/>\n<meta property=\"og:title\" content=\"Informativa Privacy - Xylon.it quotidiano online\" \/>\n<meta property=\"og:description\" content=\"In ottemperanza al Regolamento Europeo (UE) 2016\/679 in materia di protezione dei dati personali (breviter \u201cGDPR\u201d), si rendono note le seguenti informazioni in relazione al conferimento e al trattamento dei [&hellip;]\" \/>\n<meta property=\"og:url\" content=\"https:\/\/www.xylon.it\/it\/informativa-privacy\/\" \/>\n<meta property=\"og:site_name\" content=\"Xylon.it quotidiano online\" \/>\n<meta property=\"article:publisher\" content=\"https:\/\/www.facebook.com\/XylonInternational\" \/>\n<meta name=\"twitter:card\" content=\"summary_large_image\" \/>\n<meta name=\"twitter:label1\" content=\"Tempo di lettura stimato\" \/>\n\t<meta name=\"twitter:data1\" content=\"7 minuti\" \/>\n<script type=\"application\/ld+json\" class=\"yoast-schema-graph\">{\"@context\":\"https:\/\/schema.org\",\"@graph\":[{\"@type\":\"WebPage\",\"@id\":\"https:\/\/www.xylon.it\/it\/informativa-privacy\/\",\"url\":\"https:\/\/www.xylon.it\/it\/informativa-privacy\/\",\"name\":\"Informativa Privacy - Xylon.it quotidiano online\",\"isPartOf\":{\"@id\":\"https:\/\/www.xylon.it\/it\/#website\"},\"datePublished\":\"2025-04-28T08:07:12+00:00\",\"breadcrumb\":{\"@id\":\"https:\/\/www.xylon.it\/it\/informativa-privacy\/#breadcrumb\"},\"inLanguage\":\"it-IT\",\"potentialAction\":[{\"@type\":\"ReadAction\",\"target\":[\"https:\/\/www.xylon.it\/it\/informativa-privacy\/\"]}]},{\"@type\":\"BreadcrumbList\",\"@id\":\"https:\/\/www.xylon.it\/it\/informativa-privacy\/#breadcrumb\",\"itemListElement\":[{\"@type\":\"ListItem\",\"position\":1,\"name\":\"Home\",\"item\":\"https:\/\/www.xylon.it\/it\/\"},{\"@type\":\"ListItem\",\"position\":2,\"name\":\"Informativa Privacy\"}]},{\"@type\":\"WebSite\",\"@id\":\"https:\/\/www.xylon.it\/it\/#website\",\"url\":\"https:\/\/www.xylon.it\/it\/\",\"name\":\"Xylon.it quotidiano online\",\"description\":\"Il quotidiano online del settore\",\"publisher\":{\"@id\":\"https:\/\/www.xylon.it\/it\/#organization\"},\"potentialAction\":[{\"@type\":\"SearchAction\",\"target\":{\"@type\":\"EntryPoint\",\"urlTemplate\":\"https:\/\/www.xylon.it\/it\/?s={search_term_string}\"},\"query-input\":{\"@type\":\"PropertyValueSpecification\",\"valueRequired\":true,\"valueName\":\"search_term_string\"}}],\"inLanguage\":\"it-IT\"},{\"@type\":\"Organization\",\"@id\":\"https:\/\/www.xylon.it\/it\/#organization\",\"name\":\"Xylon.it quotidiano online\",\"url\":\"https:\/\/www.xylon.it\/it\/\",\"logo\":{\"@type\":\"ImageObject\",\"inLanguage\":\"it-IT\",\"@id\":\"https:\/\/www.xylon.it\/it\/#\/schema\/logo\/image\/\",\"url\":\"\",\"contentUrl\":\"\",\"caption\":\"Xylon.it quotidiano online\"},\"image\":{\"@id\":\"https:\/\/www.xylon.it\/it\/#\/schema\/logo\/image\/\"},\"sameAs\":[\"https:\/\/www.facebook.com\/XylonInternational\"]}]}<\/script>\n<!-- \/ Yoast SEO plugin. -->","yoast_head_json":{"title":"Informativa Privacy - Xylon.it quotidiano online","robots":{"index":"index","follow":"follow","max-snippet":"max-snippet:-1","max-image-preview":"max-image-preview:large","max-video-preview":"max-video-preview:-1"},"canonical":"https:\/\/www.xylon.it\/it\/informativa-privacy\/","og_locale":"it_IT","og_type":"article","og_title":"Informativa Privacy - Xylon.it quotidiano online","og_description":"In ottemperanza al Regolamento Europeo (UE) 2016\/679 in materia di protezione dei dati personali (breviter \u201cGDPR\u201d), si rendono note le seguenti informazioni in relazione al conferimento e al trattamento dei [&hellip;]","og_url":"https:\/\/www.xylon.it\/it\/informativa-privacy\/","og_site_name":"Xylon.it quotidiano online","article_publisher":"https:\/\/www.facebook.com\/XylonInternational","twitter_card":"summary_large_image","twitter_misc":{"Tempo di lettura stimato":"7 minuti"},"schema":{"@context":"https:\/\/schema.org","@graph":[{"@type":"WebPage","@id":"https:\/\/www.xylon.it\/it\/informativa-privacy\/","url":"https:\/\/www.xylon.it\/it\/informativa-privacy\/","name":"Informativa Privacy - Xylon.it quotidiano online","isPartOf":{"@id":"https:\/\/www.xylon.it\/it\/#website"},"datePublished":"2025-04-28T08:07:12+00:00","breadcrumb":{"@id":"https:\/\/www.xylon.it\/it\/informativa-privacy\/#breadcrumb"},"inLanguage":"it-IT","potentialAction":[{"@type":"ReadAction","target":["https:\/\/www.xylon.it\/it\/informativa-privacy\/"]}]},{"@type":"BreadcrumbList","@id":"https:\/\/www.xylon.it\/it\/informativa-privacy\/#breadcrumb","itemListElement":[{"@type":"ListItem","position":1,"name":"Home","item":"https:\/\/www.xylon.it\/it\/"},{"@type":"ListItem","position":2,"name":"Informativa Privacy"}]},{"@type":"WebSite","@id":"https:\/\/www.xylon.it\/it\/#website","url":"https:\/\/www.xylon.it\/it\/","name":"Xylon.it quotidiano online","description":"Il quotidiano online del settore","publisher":{"@id":"https:\/\/www.xylon.it\/it\/#organization"},"potentialAction":[{"@type":"SearchAction","target":{"@type":"EntryPoint","urlTemplate":"https:\/\/www.xylon.it\/it\/?s={search_term_string}"},"query-input":{"@type":"PropertyValueSpecification","valueRequired":true,"valueName":"search_term_string"}}],"inLanguage":"it-IT"},{"@type":"Organization","@id":"https:\/\/www.xylon.it\/it\/#organization","name":"Xylon.it quotidiano online","url":"https:\/\/www.xylon.it\/it\/","logo":{"@type":"ImageObject","inLanguage":"it-IT","@id":"https:\/\/www.xylon.it\/it\/#\/schema\/logo\/image\/","url":"","contentUrl":"","caption":"Xylon.it quotidiano online"},"image":{"@id":"https:\/\/www.xylon.it\/it\/#\/schema\/logo\/image\/"},"sameAs":["https:\/\/www.facebook.com\/XylonInternational"]}]}},"_links":{"self":[{"href":"https:\/\/www.xylon.it\/it\/wp-json\/wp\/v2\/pages\/24837","targetHints":{"allow":["GET"]}}],"collection":[{"href":"https:\/\/www.xylon.it\/it\/wp-json\/wp\/v2\/pages"}],"about":[{"href":"https:\/\/www.xylon.it\/it\/wp-json\/wp\/v2\/types\/page"}],"author":[{"embeddable":true,"href":"https:\/\/www.xylon.it\/it\/wp-json\/wp\/v2\/users\/712"}],"replies":[{"embeddable":true,"href":"https:\/\/www.xylon.it\/it\/wp-json\/wp\/v2\/comments?post=24837"}],"version-history":[{"count":2,"href":"https:\/\/www.xylon.it\/it\/wp-json\/wp\/v2\/pages\/24837\/revisions"}],"predecessor-version":[{"id":24839,"href":"https:\/\/www.xylon.it\/it\/wp-json\/wp\/v2\/pages\/24837\/revisions\/24839"}],"wp:attachment":[{"href":"https:\/\/www.xylon.it\/it\/wp-json\/wp\/v2\/media?parent=24837"}],"curies":[{"name":"wp","href":"https:\/\/api.w.org\/{rel}","templated":true}]}}